{"id":3,"date":"2025-04-08T12:08:08","date_gmt":"2025-04-08T10:08:08","guid":{"rendered":"https:\/\/www.luxurybusbarcelona.com\/?page_id=3"},"modified":"2025-07-01T12:37:19","modified_gmt":"2025-07-01T10:37:19","slug":"politica-de-privacidad","status":"publish","type":"page","link":"https:\/\/www.luxurybusbarcelona.com\/es\/politica-de-privacidad\/","title":{"rendered":"Pol\u00edtica de privacidad"},"content":{"rendered":"\t\t<div data-elementor-type=\"wp-page\" data-elementor-id=\"3\" class=\"elementor elementor-3\" data-elementor-post-type=\"page\">\n\t\t\t\t<div class=\"elementor-element elementor-element-7290a23a e-con-full e-flex e-con e-parent\" data-id=\"7290a23a\" data-element_type=\"container\" data-settings=\"{&quot;background_background&quot;:&quot;classic&quot;}\">\n\t\t\t\t<div class=\"elementor-element elementor-element-3553b33 elementor-widget__width-initial elementor-widget elementor-widget-spacer\" data-id=\"3553b33\" data-element_type=\"widget\" data-widget_type=\"spacer.default\">\n\t\t\t\t<div class=\"elementor-widget-container\">\n\t\t\t\t\t\t\t<div class=\"elementor-spacer\">\n\t\t\t<div class=\"elementor-spacer-inner\"><\/div>\n\t\t<\/div>\n\t\t\t\t\t\t<\/div>\n\t\t\t\t<\/div>\n\t\t\t\t<\/div>\n\t\t<div class=\"elementor-element elementor-element-a210f7e e-flex e-con-boxed e-con e-parent\" data-id=\"a210f7e\" data-element_type=\"container\" id=\"content\">\n\t\t\t\t\t<div class=\"e-con-inner\">\n\t\t\t\t<div class=\"elementor-element elementor-element-4c97b7d elementor-widget elementor-widget-text-editor\" data-id=\"4c97b7d\" data-element_type=\"widget\" data-widget_type=\"text-editor.default\">\n\t\t\t\t<div class=\"elementor-widget-container\">\n\t\t\t\t\t\t\t\t\t<h2><strong>DATOS IDENTIFICATIVOS DE LA ENTIDAD GESTORA DEL SITIO WEB:<\/strong><\/h2><p><strong>Rent a Luxury Limousine SRL<\/strong><\/p><p><strong>Calle Santa Ana, 127, Cerdanyola del Vall\u00e9s<\/strong><\/p><p><strong>Barcelona<\/strong><\/p><p>De conformidad con lo dispuesto en la Ley Org\u00e1nica 15\/1999, de Protecci\u00f3n de Datos de Car\u00e1cter Personal (LOPD), su normativa de desarrollo, y la LSSICE 34\/2002, de 11 de julio, de la Sociedad de la Informaci\u00f3n y de Comercio Electr\u00f3nico, \u00a0en cumplimiento de lo dispuesto en el art. 5 y 6 de la LOPD, informa a todos los usuarios que faciliten o vayan a facilitar sus datos personales que estos ser\u00e1n incorporados en un fichero automatizado que se encuentra debidamente inscrito en la \u201c<strong>Agencia Espa\u00f1ola de Protecci\u00f3n de Datos\u201d.\u00a0<\/strong>El responsable de dicho fichero\u00a0<strong>Rent a Luxury Limousine SRL<\/strong><strong>\u00a0<\/strong>con domicilio social en\u00a0<strong>Calle Santa Ana, 127, Cerdanyola del Vall\u00e9s<\/strong><strong>\u00a0\u2013BARCELONA.<\/strong><\/p><h3><strong>RECOGIDA DE DATOS USUARIOS\u00a0 ( FINALIDAD Y CONSENTIMIENTO):<\/strong><\/h3><p>Este Sitio Web proporcionar\u00e1 a los usuarios los recursos t\u00e9cnicos adecuados para que, con car\u00e1cter previo a la cumplimentaci\u00f3n de los datos personales, puedan acceder a esta Pol\u00edtica de Privacidad y a cualquier otra informaci\u00f3n relevante en materia de Protecci\u00f3n de Datos de Car\u00e1cter Personal.<\/p><p>Al hacer \u201cclick\u201d en el bot\u00f3n \u201cEnviar\u201d (o equivalente) incorporado en nuestros formularios, Usted declara que la informaci\u00f3n y los datos que en ellos ha facilitado son exactos y veraces. Para que la informaci\u00f3n facilitada est\u00e9 siempre actualizada y no contenga errores, el Usuario deber\u00e1 comunicar, a la mayor brevedad posible, las modificaciones de sus datos de car\u00e1cter personal que se vayan produciendo, as\u00ed como las rectificaciones de datos err\u00f3neos en caso de que detecte alguno.\u00a0<strong>El Usuario garantiza que los datos aportados son verdaderos, exactos, completos y actualizados, siendo responsable de cualquier da\u00f1o o perjuicio, directo o indirecto, que pudiera ocasionarse como consecuencia del incumplimiento de tal obligaci\u00f3n.<\/strong>\u00a0<strong>En funci\u00f3n del formulario y\/o correo electr\u00f3nico al que usted acceda o remita a trav\u00e9s de esta p\u00e1gina web, la informaci\u00f3n que nos facilite se utilizar\u00e1 para las finalidades descritas a continuaci\u00f3n:<\/strong><\/p><ol><li>Gestionar su consulta, sugerencia o solicitud.<\/li><li>Controlar el n\u00famero de solicitudes recibidas y su tipolog\u00eda, as\u00ed como para realizar estad\u00edsticas de uso.<\/li><li>Gestionar peticiones de acceso a los servicios suministrados a trav\u00e9s de la Extranet dirigidos a empresas, aut\u00f3nomos, colaboradores y proveedores.<\/li><li>Conocer y\/o participar en futuras convocatorias de puestos de trabajo de<strong>Rent a Luxury Limousine SRL<\/strong><\/li><li>Remitir informaci\u00f3n peri\u00f3dica sobre servicios a los que Usted est\u00e1 inscrito.<\/li><li>Remitirle comunicaciones comerciales publicitarias por e-mail, fax, SMS, MMS, comunidades sociales o cualesquier otro medio electr\u00f3nico o f\u00edsico, que posibilite realizar comunicaci\u00f3n comerciales. Dichas comunicaciones comerciales ser\u00e1n relacionadas sobre productos o servicios ofrecidos por\u00a0<strong>Rent a Luxury Limousine SRL<\/strong><strong>,<\/strong>as\u00ed como por parte de los colaboradores o \u201cpartners\u201d con los que \u00e9ste hubiera alcanzado alg\u00fan acuerdo de promoci\u00f3n comercial entre sus clientes. En este caso, los terceros nunca tendr\u00e1n acceso a los datos personales. En todo caso las comunicaciones comerciales ser\u00e1n realizadas por parte de\u00a0<strong>Rent a Luxury Limousine SRL<\/strong><strong>,<\/strong>\u00a0y ser\u00e1n de productos y servicios relacionados con el sector de<strong>Rent a Luxury Limousine SRL<\/strong><\/li><\/ol><p><strong>En el caso de que los datos aportados pertenecieran a un tercero, el Usuario garantiza que ha informado a dicho tercero y obtenido su autorizaci\u00f3n anticipada para facilitar sus datos a\u00a0Rent a Luxury Limousine SRL. En este sentido, es su responsabilidad informar de tal circunstancia a los terceros cuyos datos nos va a ceder.<\/strong><\/p><p><strong>En cumplimiento de la LSSI-CE 34\/2002, de 11 de julio, de la Sociedad de la Informaci\u00f3n y de Comercio Electr\u00f3nico,\u00a0<\/strong>le informamos que podr\u00e1 en cualquier momento\u00a0<strong><u>revocar el consentimiento prestado<\/u><\/strong>\u00a0para el envi\u00f3 de estas comunicaciones comerciales\u00a0<strong><u>mediante el formulario de la\u00a0<a href=\"https:\/\/www.luxurybusbarcelona.com\/es\/reservas\/\">p\u00e1gina de contacto.<\/a><\/u><\/strong><\/p><h3><strong>REDES SOCIALES<\/strong><\/h3><p><strong>Al hacerse el Usuario seguidor de los perfiles de\u00a0LIMUSINAS BARCELONA, en\u00a0las redes sociales de este Sitio Web consiente el tratamiento de sus datos personales dentro del entorno de estas redes sociales en cumplimiento de las condiciones y pol\u00edticas de las mismas.<\/strong><\/p><h3><strong>MEDIDAS DE SEGURIDAD<\/strong><\/h3><p><strong>Del mismo modo\u00a0LIMUSINAS BARCELONA,<\/strong>\u00a0le comunica que ha adoptado todas las medidas t\u00e9cnicas y de organizaci\u00f3n necesaria para garantizar la seguridad e integridad de los datos de car\u00e1cter personal que trate, as\u00ed como para evitar su p\u00e9rdida, alteraci\u00f3n y\/o acceso por parte de terceros no autorizados.\u00a0<strong>No obstante lo anterior, el usuario reconoce y acepta que las medidas de seguridad en Internet no son inexpugnables.<\/strong><\/p><h3><strong>EJERCICIO DE DERECHOS<\/strong><\/h3><p>Si Ud. desea ejercer sus derechos de acceso, rectificaci\u00f3n, cancelaci\u00f3n u oposici\u00f3n podr\u00e1 hacerlo mediante comunicaci\u00f3n dirigida a:<\/p><p><strong>Rent a Luxury Limousine SRL<\/strong><\/p><p><strong>Calle Santa Ana, 127, Cerdanyola del Vall\u00e9s<\/strong><\/p><p><strong>BARCELONA<\/strong><\/p><p>Para que podamos atender correctamente el ejercicio de sus derechos, su solicitud deber\u00e1 ir acompa\u00f1ada de: fotocopia del\u00a0<strong>DNI<\/strong>, petici\u00f3n en que se concreta su solicitud, direcci\u00f3n a efectos de notificaciones, fecha y firma del solicitante y los documentos acreditativos de la petici\u00f3n, en su caso.<\/p>\t\t\t\t\t\t\t\t<\/div>\n\t\t\t\t<\/div>\n\t\t\t\t\t<\/div>\n\t\t\t\t<\/div>\n\t\t\t\t<\/div>\n\t\t","protected":false},"excerpt":{"rendered":"<p>DATOS IDENTIFICATIVOS DE LA ENTIDAD GESTORA DEL SITIO WEB: Rent a Luxury Limousine SRL Calle Santa Ana, 127, Cerdanyola del Vall\u00e9s Barcelona De conformidad con lo dispuesto en la Ley Org\u00e1nica 15\/1999, de Protecci\u00f3n de Datos de Car\u00e1cter Personal (LOPD), su normativa de desarrollo, y la LSSICE 34\/2002, de 11 de julio, de la Sociedad [&hellip;]<\/p>\n","protected":false},"author":1,"featured_media":0,"parent":0,"menu_order":0,"comment_status":"closed","ping_status":"open","template":"","meta":{"_joinchat":[],"footnotes":""},"class_list":["post-3","page","type-page","status-publish","hentry"],"_links":{"self":[{"href":"https:\/\/www.luxurybusbarcelona.com\/es\/wp-json\/wp\/v2\/pages\/3","targetHints":{"allow":["GET"]}}],"collection":[{"href":"https:\/\/www.luxurybusbarcelona.com\/es\/wp-json\/wp\/v2\/pages"}],"about":[{"href":"https:\/\/www.luxurybusbarcelona.com\/es\/wp-json\/wp\/v2\/types\/page"}],"author":[{"embeddable":true,"href":"https:\/\/www.luxurybusbarcelona.com\/es\/wp-json\/wp\/v2\/users\/1"}],"replies":[{"embeddable":true,"href":"https:\/\/www.luxurybusbarcelona.com\/es\/wp-json\/wp\/v2\/comments?post=3"}],"version-history":[{"count":14,"href":"https:\/\/www.luxurybusbarcelona.com\/es\/wp-json\/wp\/v2\/pages\/3\/revisions"}],"predecessor-version":[{"id":1831,"href":"https:\/\/www.luxurybusbarcelona.com\/es\/wp-json\/wp\/v2\/pages\/3\/revisions\/1831"}],"wp:attachment":[{"href":"https:\/\/www.luxurybusbarcelona.com\/es\/wp-json\/wp\/v2\/media?parent=3"}],"curies":[{"name":"wp","href":"https:\/\/api.w.org\/{rel}","templated":true}]}}